{"id":5881,"date":"2023-11-20T12:52:43","date_gmt":"2023-11-20T11:52:43","guid":{"rendered":"https:\/\/alquilerhabitacionessevilla.es\/index.php\/personalizar-cookies\/"},"modified":"2023-11-20T12:52:43","modified_gmt":"2023-11-20T11:52:43","slug":"personalizar-cookies","status":"publish","type":"page","link":"https:\/\/alquilerhabitacionessevilla.es\/index.php\/personalizar-cookies\/","title":{"rendered":"Personalizar Cookies"},"content":{"rendered":"\n<div>\n      <div id=\"custom-cookies-eu-label\">\n          El sitio Web https:\/\/alquilerhabitacionessevilla.es utiliza cookies propias  para su correcto funcionamiento. Al hacer clic en el bot\u00f3n Aceptar, acepta el uso de estas tecnolog\u00edas y el procesamiento de sus datos para estos prop\u00f3sitos.          \n\n      <\/div>\n\n      <div id=\"custom-cookies-eu-buttons\" class=\"cookies-eu-buttons\">\n        <button id=\"custom-cookies-eu-reject\" class=\"cookies-eu-reject\">Rechazar<\/button>\n        <button id=\"custom-cookies-eu-accept\" class=\"cookies-eu-accept\">ACEPTAR TODAS LAS COOKIES<\/button><\/div>\n      <\/div>\n\n<br\/>\n<p>\n\tPuedes cambiar tus preferencias de cookies en cualquier momento si vuelves a la p\u00e1gina de Personalizar cookies, a la que puedes acceder a trav\u00e9s del Aviso de cookies. \n<\/p>\n\n<h3>Cookies t\u00e9cnicas<\/h3>\n<p>\n\tSon aquellas que permiten a los usuarios registrados navegar a trav\u00e9s del sitio Web, del \u00e1rea restringida y a utilizar sus diferentes funciones, como por ejemplo, el sistema de comentarios o el buscador y no pueden ser desactivadas.\n<\/p>\n\n\n\n","protected":false},"excerpt":{"rendered":"<p>El sitio Web https:\/\/alquilerhabitacionessevilla.es utiliza cookies propias para su correcto funcionamiento. Al hacer clic en el bot\u00f3n Aceptar, acepta el uso de estas tecnolog\u00edas y&#8230;<\/p>\n","protected":false},"author":2,"featured_media":0,"parent":0,"menu_order":0,"comment_status":"closed","ping_status":"closed","template":"","meta":{"footnotes":""},"_links":{"self":[{"href":"https:\/\/alquilerhabitacionessevilla.es\/index.php\/wp-json\/wp\/v2\/pages\/5881"}],"collection":[{"href":"https:\/\/alquilerhabitacionessevilla.es\/index.php\/wp-json\/wp\/v2\/pages"}],"about":[{"href":"https:\/\/alquilerhabitacionessevilla.es\/index.php\/wp-json\/wp\/v2\/types\/page"}],"author":[{"embeddable":true,"href":"https:\/\/alquilerhabitacionessevilla.es\/index.php\/wp-json\/wp\/v2\/users\/2"}],"replies":[{"embeddable":true,"href":"https:\/\/alquilerhabitacionessevilla.es\/index.php\/wp-json\/wp\/v2\/comments?post=5881"}],"version-history":[{"count":0,"href":"https:\/\/alquilerhabitacionessevilla.es\/index.php\/wp-json\/wp\/v2\/pages\/5881\/revisions"}],"wp:attachment":[{"href":"https:\/\/alquilerhabitacionessevilla.es\/index.php\/wp-json\/wp\/v2\/media?parent=5881"}],"curies":[{"name":"wp","href":"https:\/\/api.w.org\/{rel}","templated":true}]}}